{"id":2,"date":"2023-10-27T16:36:13","date_gmt":"2023-10-27T16:36:13","guid":{"rendered":"https:\/\/unisfactory.ba\/?page_id=2"},"modified":"2024-01-05T12:03:51","modified_gmt":"2024-01-05T12:03:51","slug":"sample-page","status":"publish","type":"page","link":"https:\/\/unisfactory.ba\/","title":{"rendered":"UNIS-STIL"},"content":{"rendered":"<p>[et_pb_section fb_built=&#8221;1&#8243; disabled_on=&#8221;off|off|off&#8221; _builder_version=&#8221;4.23.1&#8243; _module_preset=&#8221;default&#8221; background_enable_image=&#8221;off&#8221; parallax=&#8221;on&#8221; background_video_mp4=&#8221;https:\/\/unisfactory.ba\/wp-content\/uploads\/2024\/01\/reklama-unis.mp4_1.mp4&#8243; min_height=&#8221;689px&#8221; custom_margin=&#8221;||-96px|||&#8221; custom_padding=&#8221;||0px|||&#8221; hover_enabled=&#8221;0&#8243; global_colors_info=&#8221;{}&#8221; title_text=&#8221;reklama unis.mp4_1&#8243; sticky_enabled=&#8221;0&#8243; background_enable_color=&#8221;off&#8221;][et_pb_row _builder_version=&#8221;4.23.1&#8243; _module_preset=&#8221;default&#8221; animation_style=&#8221;slide&#8221; animation_direction=&#8221;top&#8221; global_colors_info=&#8221;{}&#8221;][et_pb_column type=&#8221;4_4&#8243; _builder_version=&#8221;4.23.1&#8243; _module_preset=&#8221;default&#8221; global_colors_info=&#8221;{}&#8221;][et_pb_slider use_bg_overlay=&#8221;on&#8221; bg_overlay_color=&#8221;#000000&#8243; use_text_overlay=&#8221;off&#8221; bg_overlay_color_tablet=&#8221;#000000&#8243; bg_overlay_color_phone=&#8221;#000000&#8243; bg_overlay_color_last_edited=&#8221;on|desktop&#8221; _builder_version=&#8221;4.23.1&#8243; _module_preset=&#8221;default&#8221; background_enable_color=&#8221;off&#8221; background_enable_image=&#8221;off&#8221; position_origin_r=&#8221;bottom_left&#8221; custom_margin=&#8221;||-20px|||&#8221; filter_contrast=&#8221;112%&#8221; filter_opacity=&#8221;38%&#8221; auto=&#8221;on&#8221; auto_ignore_hover=&#8221;on&#8221; global_colors_info=&#8221;{}&#8221; filter_opacity__hover_enabled=&#8221;on|hover&#8221; filter_opacity__hover=&#8221;38%&#8221;][et_pb_slide heading=&#8221;UNIS-STIL&#8221; button_text=&#8221;ABOUT UNIS&#8221; use_text_overlay=&#8221;off&#8221; bg_overlay_color_tablet=&#8221;&#8221; bg_overlay_color_phone=&#8221;&#8221; bg_overlay_color_last_edited=&#8221;on|desktop&#8221; _builder_version=&#8221;4.23.1&#8243; _module_preset=&#8221;default&#8221; global_colors_info=&#8221;{}&#8221; sticky_transition=&#8221;on&#8221;]<\/p>\n<p>Fabrika cijevi UNIS a.d. Derventa ima dugu tradiciju u proizvodnji \u010deli\u010dnih uzdu\u017eno zavarenih cijevi. Osnovana je 1974 godine kao radna organizacija u sastavu &#8220;SOUR UNIS&#8221; Sarajevo.<\/p>\n<p>Steel pipe factory UNIS-STIL d.o.o Derventa has a long tradition in seam steel pipe manufacturing.Unis was founded in 1974 as a work organisation in SOUR UNIS Sarajevo.<\/p>\n<p>[\/et_pb_slide][et_pb_slide heading=&#8221;OUR MISSION&#8221; button_text=&#8221;ABOUT UNIS&#8221; bg_overlay_color_tablet=&#8221;&#8221; bg_overlay_color_phone=&#8221;&#8221; bg_overlay_color_last_edited=&#8221;on|desktop&#8221; _builder_version=&#8221;4.23.1&#8243; _module_preset=&#8221;default&#8221; global_colors_info=&#8221;{}&#8221; sticky_transition=&#8221;on&#8221;]<\/p>\n<p>Our mission is to offer products of premium quality standards and performance.To recognize customer&#8217;s unique requirements and commit to fulfiling them in support tot heir bussiens goals.To create trust for our customers founded on beliefs that mutual collaboration and long-term bussines relationships create mutual value.<\/p>\n<p>[\/et_pb_slide][et_pb_slide heading=&#8221;OUR VISION&#8221; button_text=&#8221;ABOUT UNIS&#8221; bg_overlay_color_tablet=&#8221;&#8221; bg_overlay_color_phone=&#8221;&#8221; bg_overlay_color_last_edited=&#8221;on|desktop&#8221; _builder_version=&#8221;4.23.1&#8243; _module_preset=&#8221;default&#8221; global_colors_info=&#8221;{}&#8221; sticky_transition=&#8221;on&#8221;]<\/p>\n<p>We are striving to become one of the leading manufactures and sellers of steel products in Easteren European market. We opt to deliver constructive propostionts to our customers based on understanding of their needs for the purpose of building mutual trus.<\/p>\n<p>[\/et_pb_slide][\/et_pb_slider][\/et_pb_column][\/et_pb_row][\/et_pb_section][et_pb_section fb_built=&#8221;1&#8243; fullwidth=&#8221;on&#8221; _builder_version=&#8221;4.23.1&#8243; _module_preset=&#8221;default&#8221; locked=&#8221;off&#8221; global_colors_info=&#8221;{}&#8221;][et_pb_fullwidth_header text_orientation=&#8221;center&#8221; _builder_version=&#8221;4.23.1&#8243; _module_preset=&#8221;default&#8221; background_color=&#8221;#0C71C3&#8243; width=&#8221;100%&#8221; module_alignment=&#8221;center&#8221; height=&#8221;46px&#8221; custom_margin=&#8221;-6px||-59px||false|false&#8221; custom_padding=&#8221;8px||||false|false&#8221; global_colors_info=&#8221;{}&#8221;][\/et_pb_fullwidth_header][\/et_pb_section][et_pb_section fb_built=&#8221;1&#8243; admin_label=&#8221;Services&#8221; _builder_version=&#8221;4.23.1&#8243; background_image=&#8221;https:\/\/unisfactory.ba\/wp-content\/uploads\/2023\/12\/dirty-metal-texture-scaled.jpg&#8221; parallax=&#8221;on&#8221; background_blend=&#8221;luminosity&#8221; max_width=&#8221;100%&#8221; module_alignment=&#8221;center&#8221; min_height=&#8221;427.4px&#8221; custom_margin=&#8221;-35px|||||&#8221; custom_padding=&#8221;86px|0px|86px|0px||&#8221; global_colors_info=&#8221;{}&#8221;][et_pb_row column_structure=&#8221;1_3,1_3,1_3&#8243; _builder_version=&#8221;4.23.1&#8243; background_size=&#8221;initial&#8221; background_position=&#8221;top_left&#8221; background_repeat=&#8221;repeat&#8221; custom_padding=&#8221;|||&#8221; global_colors_info=&#8221;{}&#8221;][et_pb_column type=&#8221;1_3&#8243; _builder_version=&#8221;4.16&#8243; background_position=&#8221;top_left&#8221; custom_padding=&#8221;|||&#8221; global_colors_info=&#8221;{}&#8221; custom_padding__hover=&#8221;|||&#8221;][et_pb_blurb title=&#8221;Range and availability&#8221; url=&#8221;#&#8221; image_icon_background_color=&#8221;RGBA(255,255,255,0)&#8221; image=&#8221;https:\/\/unisfactory.ba\/wp-content\/uploads\/2023\/12\/check-1.png&#8221; image_icon_width=&#8221;84px&#8221; admin_label=&#8221;Service 01&#8243; _builder_version=&#8221;4.23.1&#8243; header_font=&#8221;Montserrat|||on|||||&#8221; header_text_align=&#8221;center&#8221; header_text_color=&#8221;#FFFFFF&#8221; header_font_size=&#8221;25px&#8221; header_line_height=&#8221;1.8em&#8221; body_font_size=&#8221;16px&#8221; body_line_height=&#8221;1.9em&#8221; background_size=&#8221;initial&#8221; background_position=&#8221;top_left&#8221; background_repeat=&#8221;repeat&#8221; text_orientation=&#8221;center&#8221; background_layout=&#8221;dark&#8221; min_height=&#8221;185px&#8221; animation_style=&#8221;fold&#8221; animation_direction=&#8221;bottom&#8221; animation_intensity_fold=&#8221;30%&#8221; icon_font_size=&#8221;60px&#8221; global_colors_info=&#8221;{}&#8221;]<\/p>\n<p><span>Wide range of products available from stock<\/span><\/p>\n<p>[\/et_pb_blurb][\/et_pb_column][et_pb_column type=&#8221;1_3&#8243; _builder_version=&#8221;4.16&#8243; background_position=&#8221;top_left&#8221; custom_padding=&#8221;|||&#8221; global_colors_info=&#8221;{}&#8221; custom_padding__hover=&#8221;|||&#8221;][et_pb_blurb title=&#8221;quality&#8221; url=&#8221;#&#8221; image_icon_background_color=&#8221;RGBA(255,255,255,0)&#8221; image=&#8221;https:\/\/unisfactory.ba\/wp-content\/uploads\/2023\/12\/medal.png&#8221; image_icon_width=&#8221;84px&#8221; admin_label=&#8221;Service 01&#8243; _builder_version=&#8221;4.23.1&#8243; header_font=&#8221;Montserrat|||on|||||&#8221; header_text_align=&#8221;center&#8221; header_text_color=&#8221;#FFFFFF&#8221; header_font_size=&#8221;25px&#8221; header_line_height=&#8221;1.8em&#8221; body_font_size=&#8221;16px&#8221; body_line_height=&#8221;1.9em&#8221; background_size=&#8221;initial&#8221; background_position=&#8221;top_left&#8221; background_repeat=&#8221;repeat&#8221; text_orientation=&#8221;center&#8221; background_layout=&#8221;dark&#8221; min_height=&#8221;185px&#8221; animation_style=&#8221;fold&#8221; animation_direction=&#8221;bottom&#8221; animation_intensity_fold=&#8221;30%&#8221; icon_font_size=&#8221;60px&#8221; global_colors_info=&#8221;{}&#8221;]<\/p>\n<p><span>Full respect of the standards and strict quality controls.<\/span><\/p>\n<p>[\/et_pb_blurb][\/et_pb_column][et_pb_column type=&#8221;1_3&#8243; _builder_version=&#8221;4.16&#8243; background_position=&#8221;top_left&#8221; custom_padding=&#8221;|||&#8221; global_colors_info=&#8221;{}&#8221; custom_padding__hover=&#8221;|||&#8221;][et_pb_blurb title=&#8221;service&#8221; url=&#8221;#&#8221; image_icon_background_color=&#8221;RGBA(255,255,255,0)&#8221; image=&#8221;https:\/\/unisfactory.ba\/wp-content\/uploads\/2023\/12\/vehicle.png&#8221; image_icon_width=&#8221;84px&#8221; admin_label=&#8221;Service 01&#8243; _builder_version=&#8221;4.23.1&#8243; header_font=&#8221;Montserrat|||on|||||&#8221; header_text_align=&#8221;center&#8221; header_text_color=&#8221;#FFFFFF&#8221; header_font_size=&#8221;25px&#8221; header_line_height=&#8221;1.8em&#8221; body_font_size=&#8221;16px&#8221; body_line_height=&#8221;1.9em&#8221; background_size=&#8221;initial&#8221; background_position=&#8221;top_left&#8221; background_repeat=&#8221;repeat&#8221; text_orientation=&#8221;center&#8221; background_layout=&#8221;dark&#8221; min_height=&#8221;185px&#8221; animation_style=&#8221;fold&#8221; animation_direction=&#8221;bottom&#8221; animation_intensity_fold=&#8221;30%&#8221; icon_font_size=&#8221;60px&#8221; global_colors_info=&#8221;{}&#8221;]<\/p>\n<p><span>Full respect of the standards and strict quality controls.<\/span><\/p>\n<p>[\/et_pb_blurb][\/et_pb_column][\/et_pb_row][\/et_pb_section][et_pb_section fb_built=&#8221;1&#8243; _builder_version=&#8221;4.23.1&#8243; _module_preset=&#8221;default&#8221; background_color=&#8221;#000000&#8243; global_colors_info=&#8221;{}&#8221;][et_pb_row column_structure=&#8221;1_2,1_2&#8243; _builder_version=&#8221;4.23.1&#8243; _module_preset=&#8221;default&#8221; global_colors_info=&#8221;{}&#8221;][et_pb_column type=&#8221;1_2&#8243; _builder_version=&#8221;4.23.1&#8243; _module_preset=&#8221;default&#8221; global_colors_info=&#8221;{}&#8221;][et_pb_text _builder_version=&#8221;4.23.1&#8243; _module_preset=&#8221;default&#8221; text_text_color=&#8221;#FFFFFF&#8221; custom_padding=&#8221;||0px|||&#8221; global_colors_info=&#8221;{}&#8221;]<\/p>\n<p style=\"text-align: left;\"><span style=\"font-size: x-large;\"><strong>WELDED TUBES<\/strong><\/span><\/p>\n<p style=\"text-align: left;\">UNIS-STIL produces welded hollow sections in variety of shapes and dimensions.<br \/>It is possible to choose among steel for structural purposes (S235JR, S275J0\/J2, S355 J0\/J2). <br \/>Hollow sections can be supplied in the standard lengths of 6000 and 12000 mm, or in customs length with thickness between 1,35 and 8.0 mm <br \/>Our range includes:<br \/>Round tubes diameter from 16 to 219.1 mm according to EN10219<br \/>Square hollow sections from 10\u00d710 to 150&#215;150 mm according to EN10219<br \/>Rectangle hollow sections from 15\u00d710 to 200&#215;100 mm according to EN10219<\/p>\n<p>Our range includes:<\/p>\n<ul>\n<li>Round tubes diameter from 12 to 355,6 mm according to EN10219<\/li>\n<li>Square tubes from 10\u00d710 to 300\u00d7300 mm according to EN10219<\/li>\n<li>Rectangle tubes from 15\u00d710 to 400\u00d7200 mm according to EN10219<\/li>\n<\/ul>\n<p>[\/et_pb_text][\/et_pb_column][et_pb_column type=&#8221;1_2&#8243; _builder_version=&#8221;4.23.1&#8243; _module_preset=&#8221;default&#8221; global_colors_info=&#8221;{}&#8221;][et_pb_image src=&#8221;https:\/\/unisfactory.ba\/wp-content\/uploads\/2023\/11\/phoca_thumb_l_17-1.jpg&#8221; alt=&#8221;Welded pipes UNIS&#8221; title_text=&#8221;phoca_thumb_l_17&#8243; url=&#8221;https:\/\/unisfactory.ba\/index.php\/proizvodi\/&#8221; _builder_version=&#8221;4.23.1&#8243; _module_preset=&#8221;default&#8221; border_radii=&#8221;on|300px|300px|300px|300px&#8221; global_colors_info=&#8221;{}&#8221;][\/et_pb_image][\/et_pb_column][\/et_pb_row][et_pb_row _builder_version=&#8221;4.23.1&#8243; _module_preset=&#8221;default&#8221; global_colors_info=&#8221;{}&#8221;][et_pb_column type=&#8221;4_4&#8243; _builder_version=&#8221;4.23.1&#8243; _module_preset=&#8221;default&#8221; global_colors_info=&#8221;{}&#8221;][et_pb_button button_url=&#8221;https:\/\/unisfactory.ba\/index.php\/proizvodi\/&#8221; button_text=&#8221;Our products&#8221; button_alignment=&#8221;left&#8221; _builder_version=&#8221;4.23.1&#8243; _module_preset=&#8221;default&#8221; custom_button=&#8221;on&#8221; button_text_size=&#8221;23px&#8221; button_text_color=&#8221;#FFFFFF&#8221; button_bg_color=&#8221;#0C71C3&#8243; button_border_width=&#8221;0px&#8221; button_border_radius=&#8221;67px&#8221; button_icon=&#8221;&#x26;||divi||400&#8243; custom_margin=&#8221;-100px||||false|false&#8221; animation_style=&#8221;slide&#8221; global_colors_info=&#8221;{}&#8221;][\/et_pb_button][\/et_pb_column][\/et_pb_row][\/et_pb_section][et_pb_section fb_built=&#8221;1&#8243; admin_label=&#8221;Footer&#8221; _builder_version=&#8221;4.23.1&#8243; background_color_gradient_direction=&#8221;90deg&#8221; background_image=&#8221;https:\/\/unisfactory.ba\/wp-content\/uploads\/2023\/11\/phoca_thumb_l_17-1.jpg&#8221; parallax=&#8221;on&#8221; custom_padding=&#8221;0px|0px|0px|0px&#8221; saved_tabs=&#8221;all&#8221; locked=&#8221;off&#8221; global_colors_info=&#8221;{}&#8221;][et_pb_row column_structure=&#8221;1_2,1_2&#8243; use_custom_gutter=&#8221;on&#8221; make_equal=&#8221;on&#8221; admin_label=&#8221;Footer Row&#8221; module_class=&#8221; et_pb_row_fullwidth&#8221; _builder_version=&#8221;4.16&#8243; width=&#8221;100%&#8221; width_tablet=&#8221;100%&#8221; width_phone=&#8221;100%&#8221; width_last_edited=&#8221;on|desktop&#8221; max_width=&#8221;100%&#8221; max_width_tablet=&#8221;100%&#8221; max_width_phone=&#8221;100%&#8221; max_width_last_edited=&#8221;on|desktop&#8221; custom_margin=&#8221;|||&#8221; custom_padding=&#8221;0px|0px|0px|0px&#8221; animation_style=&#8221;fade&#8221; make_fullwidth=&#8221;on&#8221; global_colors_info=&#8221;{}&#8221;][et_pb_column type=&#8221;1_2&#8243; _builder_version=&#8221;4.16&#8243; background_color=&#8221;rgba(0,0,0,0.6)&#8221; custom_padding=&#8221;100px|10%|100px|10%&#8221; custom_padding_tablet=&#8221;100px|10%|100px|10%&#8221; custom_padding_phone=&#8221;100px|10%|100px|10%&#8221; custom_padding_last_edited=&#8221;on|phone&#8221; global_colors_info=&#8221;{}&#8221; custom_padding__hover=&#8221;|||&#8221;][et_pb_text admin_label=&#8221;Tittle&#8221; _builder_version=&#8221;4.16&#8243; text_font=&#8221;Oswald||||&#8221; link_font=&#8221;||||||||&#8221; ul_font=&#8221;||||||||&#8221; ol_font=&#8221;||||||||&#8221; quote_font=&#8221;||||||||&#8221; header_font=&#8221;||||||||&#8221; header_2_font=&#8221;Oswald|||on|||||&#8221; header_2_text_align=&#8221;left&#8221; header_2_font_size=&#8221;40px&#8221; header_2_letter_spacing=&#8221;2px&#8221; header_2_line_height=&#8221;1.5em&#8221; background_layout=&#8221;dark&#8221; custom_margin=&#8221;||4%|&#8221; locked=&#8221;off&#8221; global_colors_info=&#8221;{}&#8221;]<\/p>\n<h2>work hours<\/h2>\n<p>[\/et_pb_text][et_pb_text admin_label=&#8221;Texts&#8221; _builder_version=&#8221;4.16&#8243; text_font=&#8221;Nunito||||&#8221; text_font_size=&#8221;16px&#8221; text_line_height=&#8221;1.5em&#8221; header_font=&#8221;Oswald|||on|&#8221; header_text_color=&#8221;#DCA57D&#8221; header_font_size=&#8221;16px&#8221; header_letter_spacing=&#8221;2px&#8221; header_line_height=&#8221;1.7em&#8221; header_4_font=&#8221;Oswald|||on|||||&#8221; header_4_text_color=&#8221;#DCA57D&#8221; header_4_font_size=&#8221;16px&#8221; header_4_letter_spacing=&#8221;1px&#8221; header_4_line_height=&#8221;1.5em&#8221; background_layout=&#8221;dark&#8221; custom_margin=&#8221;||6%|&#8221; locked=&#8221;off&#8221; global_colors_info=&#8221;{}&#8221;]<\/p>\n<h4>mon-sat<\/h4>\n<p>07:00 -16:00<\/p>\n<p>[\/et_pb_text][et_pb_code _builder_version=&#8221;4.23.1&#8243; _module_preset=&#8221;default&#8221; global_colors_info=&#8221;{}&#8221;]<iframe src=\"https:\/\/www.google.com\/maps\/embed?pb=!1m18!1m12!1m3!1d5643.584143467455!2d17.919364299999998!3d44.9885349!2m3!1f0!2f0!3f0!3m2!1i1024!2i768!4f13.1!3m3!1m2!1s0x475dcf4504746033%3A0xc6289aabb0b00d1!2sUNIS%20-%20Fabrika%20cijevi%20a.d.%20Derventa!5e0!3m2!1ssr!2sba!4v1702542256074!5m2!1ssr!2sba\" width=\"600\" height=\"450\" style=\"border:0;\" allowfullscreen=\"\" loading=\"lazy\" referrerpolicy=\"no-referrer-when-downgrade\"><\/iframe>[\/et_pb_code][\/et_pb_column][et_pb_column type=&#8221;1_2&#8243; _builder_version=&#8221;4.16&#8243; background_color=&#8221;#000000&#8243; custom_padding=&#8221;100px|10%|100px|10%&#8221; global_colors_info=&#8221;{}&#8221; custom_padding__hover=&#8221;|||&#8221;][et_pb_text admin_label=&#8221;Texts&#8221; _builder_version=&#8221;4.16&#8243; text_font=&#8221;Oswald||||&#8221; link_font=&#8221;||||||||&#8221; ul_font=&#8221;||||||||&#8221; ol_font=&#8221;||||||||&#8221; quote_font=&#8221;||||||||&#8221; header_font=&#8221;||||||||&#8221; header_2_font=&#8221;Oswald|||on|||||&#8221; header_2_text_align=&#8221;left&#8221; header_2_font_size=&#8221;40px&#8221; header_2_letter_spacing=&#8221;2px&#8221; header_2_line_height=&#8221;1.5em&#8221; background_layout=&#8221;dark&#8221; custom_margin=&#8221;||4%|&#8221; custom_padding=&#8221;|||&#8221; locked=&#8221;off&#8221; global_colors_info=&#8221;{}&#8221;]<\/p>\n<h2>Contact<\/h2>\n<p>[\/et_pb_text][et_pb_text admin_label=&#8221;Texts&#8221; _builder_version=&#8221;4.23.1&#8243; text_font=&#8221;Nunito||||&#8221; text_font_size=&#8221;16px&#8221; header_font=&#8221;Oswald|||on|&#8221; header_text_color=&#8221;#DCA57D&#8221; header_font_size=&#8221;16px&#8221; header_letter_spacing=&#8221;2px&#8221; header_line_height=&#8221;1.7em&#8221; header_4_font=&#8221;Oswald|||on|||||&#8221; header_4_text_color=&#8221;#DCA57D&#8221; header_4_font_size=&#8221;16px&#8221; header_4_letter_spacing=&#8221;1px&#8221; header_4_line_height=&#8221;1.5em&#8221; background_layout=&#8221;dark&#8221; custom_margin=&#8221;||6%|&#8221; locked=&#8221;off&#8221; global_colors_info=&#8221;{}&#8221;]<\/p>\n<h4>Phone<\/h4>\n<p>+387 53 870 733<\/p>\n<p>[\/et_pb_text][et_pb_text admin_label=&#8221;Texts&#8221; _builder_version=&#8221;4.16&#8243; text_font=&#8221;Nunito||||&#8221; text_font_size=&#8221;16px&#8221; header_font=&#8221;Oswald|||on|&#8221; header_text_color=&#8221;#DCA57D&#8221; header_font_size=&#8221;16px&#8221; header_letter_spacing=&#8221;2px&#8221; header_line_height=&#8221;1.7em&#8221; header_4_font=&#8221;Oswald|||on|||||&#8221; header_4_text_color=&#8221;#DCA57D&#8221; header_4_font_size=&#8221;16px&#8221; header_4_letter_spacing=&#8221;1px&#8221; header_4_line_height=&#8221;1.5em&#8221; background_layout=&#8221;dark&#8221; custom_margin=&#8221;||6%|&#8221; locked=&#8221;off&#8221; global_colors_info=&#8221;{}&#8221;]<\/p>\n<h4>Mail<\/h4>\n<p>info@unisfactory.ba<\/p>\n<p>[\/et_pb_text][et_pb_text admin_label=&#8221;Texts&#8221; _builder_version=&#8221;4.16&#8243; text_font=&#8221;Nunito||||&#8221; text_font_size=&#8221;16px&#8221; text_line_height=&#8221;1.5em&#8221; header_font=&#8221;Oswald|||on|&#8221; header_text_color=&#8221;#DCA57D&#8221; header_font_size=&#8221;16px&#8221; header_letter_spacing=&#8221;2px&#8221; header_line_height=&#8221;1.7em&#8221; header_4_font=&#8221;Oswald|||on|||||&#8221; header_4_text_color=&#8221;#DCA57D&#8221; header_4_font_size=&#8221;16px&#8221; header_4_letter_spacing=&#8221;1px&#8221; header_4_line_height=&#8221;1.5em&#8221; background_layout=&#8221;dark&#8221; custom_margin=&#8221;||6%|&#8221; locked=&#8221;off&#8221; global_colors_info=&#8221;{}&#8221;]<\/p>\n<h4>Address<\/h4>\n<p>Kninska 27<br \/>74400 Derventa<\/p>\n<p>Bosnia and Herzegovina<\/p>\n<p>&nbsp;<\/p>\n<p>[\/et_pb_text][\/et_pb_column][\/et_pb_row][\/et_pb_section]<\/p>\n","protected":false},"excerpt":{"rendered":"<p>Fabrika cijevi UNIS a.d. Derventa ima dugu tradiciju u proizvodnji \u010deli\u010dnih uzdu\u017eno zavarenih cijevi. Osnovana je 1974 godine kao radna organizacija u sastavu &#8220;SOUR UNIS&#8221; Sarajevo. Steel pipe factory UNIS-STIL d.o.o Derventa has a long tradition in seam steel pipe manufacturing.Unis was founded in 1974 as a work organisation in SOUR UNIS Sarajevo.Our mission is [&hellip;]<\/p>\n","protected":false},"author":1,"featured_media":0,"parent":0,"menu_order":0,"comment_status":"closed","ping_status":"open","template":"","meta":{"_et_pb_use_builder":"on","_et_pb_old_content":"","_et_gb_content_width":"","footnotes":""},"class_list":["post-2","page","type-page","status-publish","hentry"],"_links":{"self":[{"href":"https:\/\/unisfactory.ba\/index.php\/wp-json\/wp\/v2\/pages\/2","targetHints":{"allow":["GET"]}}],"collection":[{"href":"https:\/\/unisfactory.ba\/index.php\/wp-json\/wp\/v2\/pages"}],"about":[{"href":"https:\/\/unisfactory.ba\/index.php\/wp-json\/wp\/v2\/types\/page"}],"author":[{"embeddable":true,"href":"https:\/\/unisfactory.ba\/index.php\/wp-json\/wp\/v2\/users\/1"}],"replies":[{"embeddable":true,"href":"https:\/\/unisfactory.ba\/index.php\/wp-json\/wp\/v2\/comments?post=2"}],"version-history":[{"count":54,"href":"https:\/\/unisfactory.ba\/index.php\/wp-json\/wp\/v2\/pages\/2\/revisions"}],"predecessor-version":[{"id":527,"href":"https:\/\/unisfactory.ba\/index.php\/wp-json\/wp\/v2\/pages\/2\/revisions\/527"}],"wp:attachment":[{"href":"https:\/\/unisfactory.ba\/index.php\/wp-json\/wp\/v2\/media?parent=2"}],"curies":[{"name":"wp","href":"https:\/\/api.w.org\/{rel}","templated":true}]}}